{"id":846,"date":"2018-09-21T11:41:24","date_gmt":"2018-09-21T15:41:24","guid":{"rendered":"http:\/\/www.octium.ca\/mining-solutions-abitibi\/"},"modified":"2018-09-21T12:01:53","modified_gmt":"2018-09-21T16:01:53","slug":"mining-solutions-abitibi","status":"publish","type":"page","link":"https:\/\/www.octium.ca\/fr\/mining-solutions-abitibi\/","title":{"rendered":"Solutions pour l\u2019industrie mini\u00e8re Abitibi"},"content":{"rendered":"<p><\/p>\n<h1 class=\"p1\">Solutions pour l\u2019industrie mini\u00e8re Abitibi<\/h1>\n<p class=\"p1\"><span class=\"s1\"><img loading=\"lazy\" decoding=\"async\" class=\"alignnone size-large wp-image-841\" src=\"http:\/\/www.octium.ca\/wp-content\/uploads\/2018\/09\/mining-solutions-1024x683.jpg\" alt=\"\" width=\"1024\" height=\"683\" srcset=\"https:\/\/www.octium.ca\/wp-content\/uploads\/2018\/09\/mining-solutions-1024x683.jpg 1024w, https:\/\/www.octium.ca\/wp-content\/uploads\/2018\/09\/mining-solutions-300x200.jpg 300w, https:\/\/www.octium.ca\/wp-content\/uploads\/2018\/09\/mining-solutions-768x512.jpg 768w, https:\/\/www.octium.ca\/wp-content\/uploads\/2018\/09\/mining-solutions-900x600.jpg 900w, https:\/\/www.octium.ca\/wp-content\/uploads\/2018\/09\/mining-solutions-409x273.jpg 409w, https:\/\/www.octium.ca\/wp-content\/uploads\/2018\/09\/mining-solutions-555x370.jpg 555w, https:\/\/www.octium.ca\/wp-content\/uploads\/2018\/09\/mining-solutions-471x314.jpg 471w, https:\/\/www.octium.ca\/wp-content\/uploads\/2018\/09\/mining-solutions-653x435.jpg 653w, https:\/\/www.octium.ca\/wp-content\/uploads\/2018\/09\/mining-solutions.jpg 1920w\" sizes=\"auto, (max-width: 1024px) 100vw, 1024px\" \/><\/span><\/p>\n<p class=\"p1\"><span class=\"s1\">Lorsqu\u2019il est question de d\u00e9fis logistiques, l\u2019industrie mini\u00e8re est incomparable. Exercer ses activit\u00e9s dans le secteur de l\u2019excavation comporte de grands risques, mais \u00e9galement de formidables avantages lorsque l\u2019entreprise est en mesure de surmonter les d\u00e9fis auxquels elle fait face. <\/span><\/p>\n<p class=\"p1\"><span class=\"s1\"><b>Solutions logistiques pour l\u2019industrie mini\u00e8re<\/b><\/span><\/p>\n<p class=\"p1\"><span class=\"s1\">Les soci\u00e9t\u00e9s mini\u00e8res sont de plus en plus conscientes des avantages de confier leurs fonctions de cha\u00eene d\u2019approvisionnement et de logistique \u00e0 des sous-traitants. La cl\u00e9 consiste \u00e0 choisir le bon fournisseur de services. Solutions Octium Inc. conna\u00eet bien les fonctions de l\u2019industrie mini\u00e8re et propose des solutions pertinentes pour relever les d\u00e9fis du secteur en mati\u00e8re de logistique. Nous formulons des recommandations en mati\u00e8re de transport pour les petits, moyens et grands groupes miniers qui cherchent \u00e0 profiter des avantages de la sous-traitance de leurs fonctions de logistique. <\/span><\/p>\n<p class=\"p1\"><span class=\"s1\"><b>Avantages des solutions en sous-traitance pour l\u2019industrie mini\u00e8re<\/b><\/span><\/p>\n<p class=\"p1\"><span class=\"s1\">La prestation de services aux mines est particuli\u00e8rement exigeante en raison de leur emplacement \u00e9loign\u00e9 et des marchandises dangereuses qui sont manutentionn\u00e9es. La r\u00e9ussite des chefs de file du secteur repose sur leur capacit\u00e9 \u00e0 s\u2019assurer que les cargaisons arrivent \u00e0 temps, de fa\u00e7on s\u00e9curitaire et conform\u00e9ment au budget. \u00c0 titre de partenaire de logistique, nous exploitons une installation strat\u00e9giquement situ\u00e9e \u00e0 Malartic, au Qu\u00e9bec, qui nous permet de transf\u00e9rer, recevoir et entreposer de mani\u00e8re s\u00fbre, fiable et s\u00e9curitaire les marchandises dont l\u2019industrie mini\u00e8re a besoin pour fonctionner de mani\u00e8re optimale et s\u00e9curitaire dans le nord du Qu\u00e9bec et de l\u2019Ontario.<\/span><\/p>\n<p class=\"p1\"><span class=\"s1\"><b>Valeur ajout\u00e9e d\u2019Octium<\/b><\/span><\/p>\n<p class=\"p1\"><span class=\"s1\">Lorsque vous formez un partenariat avec Solutions Octium Inc., nous nous engageons \u00e0 prendre ces mesures \u00e0 votre \u00e9gard\u00a0:<\/span><\/p>\n<ul class=\"ul1\">\n<li class=\"li1\"><span class=\"s1\">Fournir les ressources permettant d\u2019am\u00e9liorer l\u2019organisation<\/span><\/li>\n<li class=\"li1\"><span class=\"s1\">Nous assurer que les d\u00e9placements sont efficaces <\/span><\/li>\n<li class=\"li1\"><span class=\"s1\">R\u00e9duire les frais de transport et de manutention<\/span><\/li>\n<li class=\"li1\"><span class=\"s1\">Nous assurer que notre personnel est bien form\u00e9 et poss\u00e8de les certifications n\u00e9cessaires<\/span><\/li>\n<li class=\"li1\"><span class=\"s1\">Toujours accorder la plus grande importance \u00e0 la s\u00e9curit\u00e9<\/span><\/li>\n<\/ul>\n<p class=\"p1\"><span class=\"s1\"><b>Solutions pour l\u2019industrie mini\u00e8re \u2013 Abitibi<\/b><\/span><\/p>\n<p class=\"p1\"><span class=\"s1\">Notre \u00e9quipe poss\u00e8de la certification\u00a0ISO la plus r\u00e9cente, de m\u00eame que les connaissances et l\u2019expertise n\u00e9cessaires pour traiter toutes les formes de marchandises et de mati\u00e8res propres \u00e0 l\u2019industrie mini\u00e8re, y compris les marchandises dangereuses. Notre acc\u00e8s direct aux r\u00e9seaux routier et ferroviaire nous permet de desservir r\u00e9guli\u00e8rement l\u2019industrie mini\u00e8re et les collectivit\u00e9s du nord du Qu\u00e9bec et de l\u2019Ontario. Si vous \u00eates \u00e0 la recherche de solutions professionnelles destin\u00e9es \u00e0 l\u2019industrie mini\u00e8re \u00e0 Abitibi, <a href=\"http:\/\/www.octium.ca\/fr\/contact-us\/\"><span class=\"s2\">communiquez avec nous<\/span><\/a> pour savoir comment nous pouvons vous aider \u00e0 surmonter vos d\u00e9fis logistiques afin d\u2019optimiser votre efficacit\u00e9 et d\u2019accro\u00eetre votre rentabilit\u00e9. T\u00e9l\u00e9phonez-nous d\u00e8s aujourd\u2019hui au <b>1-888-451-4123<\/b> pour parler \u00e0 un repr\u00e9sentant.<\/span><\/p>\n<p><\/p>","protected":false},"excerpt":{"rendered":"<p>Solutions pour l\u2019industrie mini\u00e8re Abitibi Lorsqu\u2019il est question de d\u00e9fis logistiques, l\u2019industrie mini\u00e8re est incomparable. Exercer ses activit\u00e9s dans le secteur de l\u2019excavation comporte de grands risques, mais \u00e9galement de formidables avantages lorsque l\u2019entreprise est en mesure de surmonter les d\u00e9fis auxquels elle fait face. Solutions logistiques pour l\u2019industrie mini\u00e8re Les soci\u00e9t\u00e9s mini\u00e8res sont de [&hellip;]<\/p>\n","protected":false},"author":5,"featured_media":0,"parent":0,"menu_order":0,"comment_status":"closed","ping_status":"closed","template":"","meta":{"footnotes":""},"class_list":["post-846","page","type-page","status-publish","hentry"],"yoast_head":"<!-- This site is optimized with the Yoast SEO plugin v26.8 - https:\/\/yoast.com\/product\/yoast-seo-wordpress\/ -->\n<title>Solutions pour l\u2019industrie mini\u00e8re Abitibi - Octium<\/title>\n<meta name=\"robots\" content=\"index, follow, max-snippet:-1, max-image-preview:large, max-video-preview:-1\" \/>\n<link rel=\"canonical\" href=\"https:\/\/www.octium.ca\/mining-solutions-abitibi\/\" \/>\n<meta property=\"og:locale\" content=\"fr_FR\" \/>\n<meta property=\"og:type\" content=\"article\" \/>\n<meta property=\"og:title\" content=\"Solutions pour l\u2019industrie mini\u00e8re Abitibi - Octium\" \/>\n<meta property=\"og:description\" content=\"Solutions pour l\u2019industrie mini\u00e8re Abitibi Lorsqu\u2019il est question de d\u00e9fis logistiques, l\u2019industrie mini\u00e8re est incomparable. Exercer ses activit\u00e9s dans le secteur de l\u2019excavation comporte de grands risques, mais \u00e9galement de formidables avantages lorsque l\u2019entreprise est en mesure de surmonter les d\u00e9fis auxquels elle fait face. Solutions logistiques pour l\u2019industrie mini\u00e8re Les soci\u00e9t\u00e9s mini\u00e8res sont de [&hellip;]\" \/>\n<meta property=\"og:url\" content=\"https:\/\/www.octium.ca\/mining-solutions-abitibi\/\" \/>\n<meta property=\"og:site_name\" content=\"Octium\" \/>\n<meta property=\"article:modified_time\" content=\"2018-09-21T16:01:53+00:00\" \/>\n<meta property=\"og:image\" content=\"https:\/\/www.octium.ca\/wp-content\/uploads\/2018\/09\/mining-solutions.jpg\" \/>\n\t<meta property=\"og:image:width\" content=\"1920\" \/>\n\t<meta property=\"og:image:height\" content=\"1280\" \/>\n\t<meta property=\"og:image:type\" content=\"image\/jpeg\" \/>\n<meta name=\"twitter:card\" content=\"summary_large_image\" \/>\n<meta name=\"twitter:label1\" content=\"Est. reading time\" \/>\n\t<meta name=\"twitter:data1\" content=\"4 minutes\" \/>\n<script type=\"application\/ld+json\" class=\"yoast-schema-graph\">{\"@context\":\"https:\/\/schema.org\",\"@graph\":[{\"@type\":\"WebPage\",\"@id\":\"https:\/\/www.octium.ca\/mining-solutions-abitibi\/\",\"url\":\"https:\/\/www.octium.ca\/mining-solutions-abitibi\/\",\"name\":\"Solutions pour l\u2019industrie mini\u00e8re Abitibi - Octium\",\"isPartOf\":{\"@id\":\"https:\/\/www.octium.ca\/#website\"},\"primaryImageOfPage\":{\"@id\":\"https:\/\/www.octium.ca\/mining-solutions-abitibi\/#primaryimage\"},\"image\":{\"@id\":\"https:\/\/www.octium.ca\/mining-solutions-abitibi\/#primaryimage\"},\"thumbnailUrl\":\"http:\/\/www.octium.ca\/wp-content\/uploads\/2018\/09\/mining-solutions-1024x683.jpg\",\"datePublished\":\"2018-09-21T15:41:24+00:00\",\"dateModified\":\"2018-09-21T16:01:53+00:00\",\"breadcrumb\":{\"@id\":\"https:\/\/www.octium.ca\/mining-solutions-abitibi\/#breadcrumb\"},\"inLanguage\":\"fr-FR\",\"potentialAction\":[{\"@type\":\"ReadAction\",\"target\":[\"https:\/\/www.octium.ca\/mining-solutions-abitibi\/\"]}]},{\"@type\":\"ImageObject\",\"inLanguage\":\"fr-FR\",\"@id\":\"https:\/\/www.octium.ca\/mining-solutions-abitibi\/#primaryimage\",\"url\":\"http:\/\/www.octium.ca\/wp-content\/uploads\/2018\/09\/mining-solutions-1024x683.jpg\",\"contentUrl\":\"http:\/\/www.octium.ca\/wp-content\/uploads\/2018\/09\/mining-solutions-1024x683.jpg\"},{\"@type\":\"BreadcrumbList\",\"@id\":\"https:\/\/www.octium.ca\/mining-solutions-abitibi\/#breadcrumb\",\"itemListElement\":[{\"@type\":\"ListItem\",\"position\":1,\"name\":\"ACCUEIL\",\"item\":\"https:\/\/www.octium.ca\/\"},{\"@type\":\"ListItem\",\"position\":2,\"name\":\"Mining Solutions Abitibi\"}]},{\"@type\":\"WebSite\",\"@id\":\"https:\/\/www.octium.ca\/#website\",\"url\":\"https:\/\/www.octium.ca\/\",\"name\":\"Octium\",\"description\":\"Votre Porte D\u2019entr\u00e9e Vers Le Nord\",\"potentialAction\":[{\"@type\":\"SearchAction\",\"target\":{\"@type\":\"EntryPoint\",\"urlTemplate\":\"https:\/\/www.octium.ca\/?s={search_term_string}\"},\"query-input\":{\"@type\":\"PropertyValueSpecification\",\"valueRequired\":true,\"valueName\":\"search_term_string\"}}],\"inLanguage\":\"fr-FR\"}]}<\/script>\n<!-- \/ Yoast SEO plugin. -->","yoast_head_json":{"title":"Solutions pour l\u2019industrie mini\u00e8re Abitibi - Octium","robots":{"index":"index","follow":"follow","max-snippet":"max-snippet:-1","max-image-preview":"max-image-preview:large","max-video-preview":"max-video-preview:-1"},"canonical":"https:\/\/www.octium.ca\/mining-solutions-abitibi\/","og_locale":"fr_FR","og_type":"article","og_title":"Solutions pour l\u2019industrie mini\u00e8re Abitibi - Octium","og_description":"Solutions pour l\u2019industrie mini\u00e8re Abitibi Lorsqu\u2019il est question de d\u00e9fis logistiques, l\u2019industrie mini\u00e8re est incomparable. Exercer ses activit\u00e9s dans le secteur de l\u2019excavation comporte de grands risques, mais \u00e9galement de formidables avantages lorsque l\u2019entreprise est en mesure de surmonter les d\u00e9fis auxquels elle fait face. Solutions logistiques pour l\u2019industrie mini\u00e8re Les soci\u00e9t\u00e9s mini\u00e8res sont de [&hellip;]","og_url":"https:\/\/www.octium.ca\/mining-solutions-abitibi\/","og_site_name":"Octium","article_modified_time":"2018-09-21T16:01:53+00:00","og_image":[{"width":1920,"height":1280,"url":"https:\/\/www.octium.ca\/wp-content\/uploads\/2018\/09\/mining-solutions.jpg","type":"image\/jpeg"}],"twitter_card":"summary_large_image","twitter_misc":{"Est. reading time":"4 minutes"},"schema":{"@context":"https:\/\/schema.org","@graph":[{"@type":"WebPage","@id":"https:\/\/www.octium.ca\/mining-solutions-abitibi\/","url":"https:\/\/www.octium.ca\/mining-solutions-abitibi\/","name":"Solutions pour l\u2019industrie mini\u00e8re Abitibi - Octium","isPartOf":{"@id":"https:\/\/www.octium.ca\/#website"},"primaryImageOfPage":{"@id":"https:\/\/www.octium.ca\/mining-solutions-abitibi\/#primaryimage"},"image":{"@id":"https:\/\/www.octium.ca\/mining-solutions-abitibi\/#primaryimage"},"thumbnailUrl":"http:\/\/www.octium.ca\/wp-content\/uploads\/2018\/09\/mining-solutions-1024x683.jpg","datePublished":"2018-09-21T15:41:24+00:00","dateModified":"2018-09-21T16:01:53+00:00","breadcrumb":{"@id":"https:\/\/www.octium.ca\/mining-solutions-abitibi\/#breadcrumb"},"inLanguage":"fr-FR","potentialAction":[{"@type":"ReadAction","target":["https:\/\/www.octium.ca\/mining-solutions-abitibi\/"]}]},{"@type":"ImageObject","inLanguage":"fr-FR","@id":"https:\/\/www.octium.ca\/mining-solutions-abitibi\/#primaryimage","url":"http:\/\/www.octium.ca\/wp-content\/uploads\/2018\/09\/mining-solutions-1024x683.jpg","contentUrl":"http:\/\/www.octium.ca\/wp-content\/uploads\/2018\/09\/mining-solutions-1024x683.jpg"},{"@type":"BreadcrumbList","@id":"https:\/\/www.octium.ca\/mining-solutions-abitibi\/#breadcrumb","itemListElement":[{"@type":"ListItem","position":1,"name":"ACCUEIL","item":"https:\/\/www.octium.ca\/"},{"@type":"ListItem","position":2,"name":"Mining Solutions Abitibi"}]},{"@type":"WebSite","@id":"https:\/\/www.octium.ca\/#website","url":"https:\/\/www.octium.ca\/","name":"Octium","description":"Votre Porte D\u2019entr\u00e9e Vers Le Nord","potentialAction":[{"@type":"SearchAction","target":{"@type":"EntryPoint","urlTemplate":"https:\/\/www.octium.ca\/?s={search_term_string}"},"query-input":{"@type":"PropertyValueSpecification","valueRequired":true,"valueName":"search_term_string"}}],"inLanguage":"fr-FR"}]}},"_links":{"self":[{"href":"https:\/\/www.octium.ca\/fr\/wp-json\/wp\/v2\/pages\/846","targetHints":{"allow":["GET"]}}],"collection":[{"href":"https:\/\/www.octium.ca\/fr\/wp-json\/wp\/v2\/pages"}],"about":[{"href":"https:\/\/www.octium.ca\/fr\/wp-json\/wp\/v2\/types\/page"}],"author":[{"embeddable":true,"href":"https:\/\/www.octium.ca\/fr\/wp-json\/wp\/v2\/users\/5"}],"replies":[{"embeddable":true,"href":"https:\/\/www.octium.ca\/fr\/wp-json\/wp\/v2\/comments?post=846"}],"version-history":[{"count":0,"href":"https:\/\/www.octium.ca\/fr\/wp-json\/wp\/v2\/pages\/846\/revisions"}],"wp:attachment":[{"href":"https:\/\/www.octium.ca\/fr\/wp-json\/wp\/v2\/media?parent=846"}],"curies":[{"name":"wp","href":"https:\/\/api.w.org\/{rel}","templated":true}]}}