{"id":808,"date":"2018-07-12T10:31:50","date_gmt":"2018-07-12T14:31:50","guid":{"rendered":"http:\/\/octium.surround.cc\/railroad-access-rouyn-noranda\/"},"modified":"2018-09-04T09:01:53","modified_gmt":"2018-09-04T13:01:53","slug":"railroad-access-rouyn-noranda","status":"publish","type":"page","link":"https:\/\/www.octium.ca\/fr\/railroad-access-rouyn-noranda\/","title":{"rendered":"Acc\u00e8s au r\u00e9seau ferroviaire \u2013 Rouyn-Noranda"},"content":{"rendered":"<p><\/p>\n<h1>Acc\u00e8s au r\u00e9seau ferroviaire \u2013 Rouyn-Noranda<\/h1>\n<p class=\"p1\"><span class=\"s1\"><img loading=\"lazy\" decoding=\"async\" class=\"alignnone size-large wp-image-811\" src=\"http:\/\/www.octium.ca\/wp-content\/uploads\/2018\/07\/Railroad-Access-1024x576.jpg\" alt=\"\" width=\"1024\" height=\"576\" srcset=\"https:\/\/www.octium.ca\/wp-content\/uploads\/2018\/07\/Railroad-Access-1024x576.jpg 1024w, https:\/\/www.octium.ca\/wp-content\/uploads\/2018\/07\/Railroad-Access-300x169.jpg 300w, https:\/\/www.octium.ca\/wp-content\/uploads\/2018\/07\/Railroad-Access-768x432.jpg 768w, https:\/\/www.octium.ca\/wp-content\/uploads\/2018\/07\/Railroad-Access-900x506.jpg 900w, https:\/\/www.octium.ca\/wp-content\/uploads\/2018\/07\/Railroad-Access-360x203.jpg 360w, https:\/\/www.octium.ca\/wp-content\/uploads\/2018\/07\/Railroad-Access-409x230.jpg 409w, https:\/\/www.octium.ca\/wp-content\/uploads\/2018\/07\/Railroad-Access-555x312.jpg 555w, https:\/\/www.octium.ca\/wp-content\/uploads\/2018\/07\/Railroad-Access-471x265.jpg 471w, https:\/\/www.octium.ca\/wp-content\/uploads\/2018\/07\/Railroad-Access-653x367.jpg 653w, https:\/\/www.octium.ca\/wp-content\/uploads\/2018\/07\/Railroad-Access.jpg 1920w\" sizes=\"auto, (max-width: 1024px) 100vw, 1024px\" \/><\/span><\/p>\n<p class=\"p1\"><span class=\"s1\">Afin d\u2019acc\u00e9der aux installations portuaires et de desservir les grandes villes, les collectivit\u00e9s mini\u00e8res et les r\u00e9gions \u00e9loign\u00e9es du Nord, l\u2019acc\u00e8s au r\u00e9seau ferroviaire est essentiel \u00e0 Rouyn-Noranda. En effet, le transport ferroviaire est le meilleur moyen pour acheminer efficacement votre marchandise. Plus l\u2019acc\u00e8s aux chemins de fer est direct, plus la rentabilit\u00e9 de votre entreprise se porte bien, puisque trop d\u2019arr\u00eats inutiles r\u00e9duisent consid\u00e9rablement vos profits.<\/span><\/p>\n<p class=\"p1\"><span class=\"s1\"><b>Efficacit\u00e9 logistique <\/b><\/span><\/p>\n<p class=\"p1\"><span class=\"s1\">Pour que votre marchandise arrive \u00e0 destination dans les d\u00e9lais pr\u00e9vus, un bon acc\u00e8s au r\u00e9seau ferroviaire ne suffit pas. Comme les compagnies ferroviaires et les chemins de fer sont nombreux, suivre la trace de vos chargements peut devenir difficile. Octium vous facilite la t\u00e2che. Nos installations sont dot\u00e9es d\u2019une entr\u00e9e s\u00e9curis\u00e9e, en bordure de la route transcanadienne, et d\u2019un acc\u00e8s complet aux chemins de fer, aux gares et aux terminaux du CN. <\/span><\/p>\n<p class=\"p1\"><span class=\"s1\">Les installations d\u2019Octium, certifi\u00e9es ISO, sont situ\u00e9es \u00e0 un endroit strat\u00e9gique vous offrant l\u2019acc\u00e8s dont vous avez besoin pour exp\u00e9dier votre marchandise par train de mani\u00e8re efficace et s\u00e9curitaire. Nos installations sont situ\u00e9es sur la route transcanadienne \u00e0 Malartic, au Qu\u00e9bec. Nous sommes votre porte d\u2019entr\u00e9e vers le nord du Qu\u00e9bec et de l\u2019Ontario.<\/span><\/p>\n<p class=\"p1\"><span class=\"s1\">De plus, nous travaillons en partenariat avec des entreprises locales de logistique et de transport qui disposent des certifications et des formations n\u00e9cessaires pour relever les d\u00e9fis uniques (comme les conditions routi\u00e8res et m\u00e9t\u00e9orologiques difficiles) li\u00e9s au transport dans le Nord.<\/span><\/p>\n<p class=\"p1\"><span class=\"s1\"><b>Notre personnel fait la diff\u00e9rence<\/b><\/span><\/p>\n<p class=\"p1\"><span class=\"s1\">Nos partenaires sont fantastiques, mais notre \u00e9quipe fait toute la diff\u00e9rence. Tous nos employ\u00e9s sont des professionnels qualifi\u00e9s. Nous accordons une grande importance au perfectionnement et nous soutenons nos experts en transport en assurant leur formation continue sur la s\u00e9curit\u00e9 et les lieux de travail; acc\u00e9der au r\u00e9seau ferroviaire \u00e0 partir de nos installations est donc s\u00fbr, s\u00e9curitaire et efficace, peu importe la nature de la marchandise que vous transportez.<\/span><\/p>\n<p class=\"p1\"><span class=\"s1\">Afin de faciliter votre acc\u00e8s au r\u00e9seau ferroviaire \u00e0 partir de Rouyn-Noranda, nous offrons des services de transbordement camion-train et ch\u00e2ssis-rail. Nous suivons des proc\u00e9dures de manutention et de stockage normalis\u00e9es afin de maximiser notre efficacit\u00e9, mais cela ne nous emp\u00eache pas d\u2019adapter nos fa\u00e7ons de faire afin de r\u00e9pondre \u00e0 vos besoins particuliers. Nous pouvons \u00e9galement prendre en charge des conteneurs ISO, des palettes, des r\u00e9servoirs, des tonneaux ainsi que des produits en sacs, en vrac ou autrement. Notre personnel est naturellement orient\u00e9 vers la recherche de solutions et peut relever tous les d\u00e9fis en mati\u00e8re de transport.<\/span><\/p>\n<p class=\"p1\"><span class=\"s1\"><b>Acc\u00e8s au r\u00e9seau ferroviaire \u2013 Rouyn-Noranda<\/b><\/span><\/p>\n<p class=\"p1\"><span class=\"s1\">En mati\u00e8re de transport, Octium ne laisse aucun d\u00e9tail au hasard afin de vous aider \u00e0 r\u00e9duire le temps de transport, les frais de manutention et les frais de transport national. La seule chose que vous avez \u00e0 faire\u00a0: profiter de l\u2019efficacit\u00e9 de nos services, de notre emplacement strat\u00e9gique et de notre expertise.<\/span><\/p>\n<p class=\"p1\"><span class=\"s1\">Vous avez une demande particuli\u00e8re? Nous sommes fiers d\u2019offrir des solutions personnalis\u00e9es \u00e0 nos clients;<a href=\"http:\/\/www.octium.ca\/fr\/contact-us\/\"> <span class=\"s3\">communiquez avec nous<\/span><\/a> pour d\u00e9couvrir comment nous pouvons r\u00e9pondre \u00e0 vos besoins uniques en mati\u00e8re d\u2019acc\u00e8s au r\u00e9seau ferroviaire \u00e0 Rouyn-Noranda.<\/span><\/p>\n<p><\/p>","protected":false},"excerpt":{"rendered":"<p>Acc\u00e8s au r\u00e9seau ferroviaire \u2013 Rouyn-Noranda Afin d\u2019acc\u00e9der aux installations portuaires et de desservir les grandes villes, les collectivit\u00e9s mini\u00e8res et les r\u00e9gions \u00e9loign\u00e9es du Nord, l\u2019acc\u00e8s au r\u00e9seau ferroviaire est essentiel \u00e0 Rouyn-Noranda. En effet, le transport ferroviaire est le meilleur moyen pour acheminer efficacement votre marchandise. Plus l\u2019acc\u00e8s aux chemins de fer est [&hellip;]<\/p>\n","protected":false},"author":5,"featured_media":0,"parent":0,"menu_order":0,"comment_status":"closed","ping_status":"closed","template":"","meta":{"footnotes":""},"class_list":["post-808","page","type-page","status-publish","hentry"],"yoast_head":"<!-- This site is optimized with the Yoast SEO plugin v27.5 - https:\/\/yoast.com\/product\/yoast-seo-wordpress\/ -->\n<title>Acc\u00e8s au r\u00e9seau ferroviaire \u2013 Rouyn-Noranda - Octium<\/title>\n<meta name=\"robots\" content=\"index, follow, max-snippet:-1, max-image-preview:large, max-video-preview:-1\" \/>\n<link rel=\"canonical\" href=\"https:\/\/www.octium.ca\/railroad-access-rouyn-noranda\/\" \/>\n<meta property=\"og:locale\" content=\"fr_FR\" \/>\n<meta property=\"og:type\" content=\"article\" \/>\n<meta property=\"og:title\" content=\"Acc\u00e8s au r\u00e9seau ferroviaire \u2013 Rouyn-Noranda - Octium\" \/>\n<meta property=\"og:description\" content=\"Acc\u00e8s au r\u00e9seau ferroviaire \u2013 Rouyn-Noranda Afin d\u2019acc\u00e9der aux installations portuaires et de desservir les grandes villes, les collectivit\u00e9s mini\u00e8res et les r\u00e9gions \u00e9loign\u00e9es du Nord, l\u2019acc\u00e8s au r\u00e9seau ferroviaire est essentiel \u00e0 Rouyn-Noranda. En effet, le transport ferroviaire est le meilleur moyen pour acheminer efficacement votre marchandise. Plus l\u2019acc\u00e8s aux chemins de fer est [&hellip;]\" \/>\n<meta property=\"og:url\" content=\"https:\/\/www.octium.ca\/railroad-access-rouyn-noranda\/\" \/>\n<meta property=\"og:site_name\" content=\"Octium\" \/>\n<meta property=\"article:modified_time\" content=\"2018-09-04T13:01:53+00:00\" \/>\n<meta property=\"og:image\" content=\"https:\/\/www.octium.ca\/wp-content\/uploads\/2018\/07\/Railroad-Access.jpg\" \/>\n\t<meta property=\"og:image:width\" content=\"1920\" \/>\n\t<meta property=\"og:image:height\" content=\"1080\" \/>\n\t<meta property=\"og:image:type\" content=\"image\/jpeg\" \/>\n<meta name=\"twitter:card\" content=\"summary_large_image\" \/>\n<meta name=\"twitter:label1\" content=\"Est. reading time\" \/>\n\t<meta name=\"twitter:data1\" content=\"5 minutes\" \/>\n<script type=\"application\/ld+json\" class=\"yoast-schema-graph\">{\"@context\":\"https:\\\/\\\/schema.org\",\"@graph\":[{\"@type\":\"WebPage\",\"@id\":\"https:\\\/\\\/www.octium.ca\\\/railroad-access-rouyn-noranda\\\/\",\"url\":\"https:\\\/\\\/www.octium.ca\\\/railroad-access-rouyn-noranda\\\/\",\"name\":\"Acc\u00e8s au r\u00e9seau ferroviaire \u2013 Rouyn-Noranda - Octium\",\"isPartOf\":{\"@id\":\"https:\\\/\\\/www.octium.ca\\\/#website\"},\"primaryImageOfPage\":{\"@id\":\"https:\\\/\\\/www.octium.ca\\\/railroad-access-rouyn-noranda\\\/#primaryimage\"},\"image\":{\"@id\":\"https:\\\/\\\/www.octium.ca\\\/railroad-access-rouyn-noranda\\\/#primaryimage\"},\"thumbnailUrl\":\"http:\\\/\\\/www.octium.ca\\\/wp-content\\\/uploads\\\/2018\\\/07\\\/Railroad-Access-1024x576.jpg\",\"datePublished\":\"2018-07-12T14:31:50+00:00\",\"dateModified\":\"2018-09-04T13:01:53+00:00\",\"breadcrumb\":{\"@id\":\"https:\\\/\\\/www.octium.ca\\\/railroad-access-rouyn-noranda\\\/#breadcrumb\"},\"inLanguage\":\"fr-FR\",\"potentialAction\":[{\"@type\":\"ReadAction\",\"target\":[\"https:\\\/\\\/www.octium.ca\\\/railroad-access-rouyn-noranda\\\/\"]}]},{\"@type\":\"ImageObject\",\"inLanguage\":\"fr-FR\",\"@id\":\"https:\\\/\\\/www.octium.ca\\\/railroad-access-rouyn-noranda\\\/#primaryimage\",\"url\":\"http:\\\/\\\/www.octium.ca\\\/wp-content\\\/uploads\\\/2018\\\/07\\\/Railroad-Access-1024x576.jpg\",\"contentUrl\":\"http:\\\/\\\/www.octium.ca\\\/wp-content\\\/uploads\\\/2018\\\/07\\\/Railroad-Access-1024x576.jpg\"},{\"@type\":\"BreadcrumbList\",\"@id\":\"https:\\\/\\\/www.octium.ca\\\/railroad-access-rouyn-noranda\\\/#breadcrumb\",\"itemListElement\":[{\"@type\":\"ListItem\",\"position\":1,\"name\":\"ACCUEIL\",\"item\":\"https:\\\/\\\/www.octium.ca\\\/\"},{\"@type\":\"ListItem\",\"position\":2,\"name\":\"Railroad Access Rouyn-Noranda\"}]},{\"@type\":\"WebSite\",\"@id\":\"https:\\\/\\\/www.octium.ca\\\/#website\",\"url\":\"https:\\\/\\\/www.octium.ca\\\/\",\"name\":\"Octium\",\"description\":\"Votre Porte D\u2019entr\u00e9e Vers Le Nord\",\"potentialAction\":[{\"@type\":\"SearchAction\",\"target\":{\"@type\":\"EntryPoint\",\"urlTemplate\":\"https:\\\/\\\/www.octium.ca\\\/?s={search_term_string}\"},\"query-input\":{\"@type\":\"PropertyValueSpecification\",\"valueRequired\":true,\"valueName\":\"search_term_string\"}}],\"inLanguage\":\"fr-FR\"}]}<\/script>\n<!-- \/ Yoast SEO plugin. -->","yoast_head_json":{"title":"Acc\u00e8s au r\u00e9seau ferroviaire \u2013 Rouyn-Noranda - Octium","robots":{"index":"index","follow":"follow","max-snippet":"max-snippet:-1","max-image-preview":"max-image-preview:large","max-video-preview":"max-video-preview:-1"},"canonical":"https:\/\/www.octium.ca\/railroad-access-rouyn-noranda\/","og_locale":"fr_FR","og_type":"article","og_title":"Acc\u00e8s au r\u00e9seau ferroviaire \u2013 Rouyn-Noranda - Octium","og_description":"Acc\u00e8s au r\u00e9seau ferroviaire \u2013 Rouyn-Noranda Afin d\u2019acc\u00e9der aux installations portuaires et de desservir les grandes villes, les collectivit\u00e9s mini\u00e8res et les r\u00e9gions \u00e9loign\u00e9es du Nord, l\u2019acc\u00e8s au r\u00e9seau ferroviaire est essentiel \u00e0 Rouyn-Noranda. En effet, le transport ferroviaire est le meilleur moyen pour acheminer efficacement votre marchandise. Plus l\u2019acc\u00e8s aux chemins de fer est [&hellip;]","og_url":"https:\/\/www.octium.ca\/railroad-access-rouyn-noranda\/","og_site_name":"Octium","article_modified_time":"2018-09-04T13:01:53+00:00","og_image":[{"width":1920,"height":1080,"url":"https:\/\/www.octium.ca\/wp-content\/uploads\/2018\/07\/Railroad-Access.jpg","type":"image\/jpeg"}],"twitter_card":"summary_large_image","twitter_misc":{"Est. reading time":"5 minutes"},"schema":{"@context":"https:\/\/schema.org","@graph":[{"@type":"WebPage","@id":"https:\/\/www.octium.ca\/railroad-access-rouyn-noranda\/","url":"https:\/\/www.octium.ca\/railroad-access-rouyn-noranda\/","name":"Acc\u00e8s au r\u00e9seau ferroviaire \u2013 Rouyn-Noranda - Octium","isPartOf":{"@id":"https:\/\/www.octium.ca\/#website"},"primaryImageOfPage":{"@id":"https:\/\/www.octium.ca\/railroad-access-rouyn-noranda\/#primaryimage"},"image":{"@id":"https:\/\/www.octium.ca\/railroad-access-rouyn-noranda\/#primaryimage"},"thumbnailUrl":"http:\/\/www.octium.ca\/wp-content\/uploads\/2018\/07\/Railroad-Access-1024x576.jpg","datePublished":"2018-07-12T14:31:50+00:00","dateModified":"2018-09-04T13:01:53+00:00","breadcrumb":{"@id":"https:\/\/www.octium.ca\/railroad-access-rouyn-noranda\/#breadcrumb"},"inLanguage":"fr-FR","potentialAction":[{"@type":"ReadAction","target":["https:\/\/www.octium.ca\/railroad-access-rouyn-noranda\/"]}]},{"@type":"ImageObject","inLanguage":"fr-FR","@id":"https:\/\/www.octium.ca\/railroad-access-rouyn-noranda\/#primaryimage","url":"http:\/\/www.octium.ca\/wp-content\/uploads\/2018\/07\/Railroad-Access-1024x576.jpg","contentUrl":"http:\/\/www.octium.ca\/wp-content\/uploads\/2018\/07\/Railroad-Access-1024x576.jpg"},{"@type":"BreadcrumbList","@id":"https:\/\/www.octium.ca\/railroad-access-rouyn-noranda\/#breadcrumb","itemListElement":[{"@type":"ListItem","position":1,"name":"ACCUEIL","item":"https:\/\/www.octium.ca\/"},{"@type":"ListItem","position":2,"name":"Railroad Access Rouyn-Noranda"}]},{"@type":"WebSite","@id":"https:\/\/www.octium.ca\/#website","url":"https:\/\/www.octium.ca\/","name":"Octium","description":"Votre Porte D\u2019entr\u00e9e Vers Le Nord","potentialAction":[{"@type":"SearchAction","target":{"@type":"EntryPoint","urlTemplate":"https:\/\/www.octium.ca\/?s={search_term_string}"},"query-input":{"@type":"PropertyValueSpecification","valueRequired":true,"valueName":"search_term_string"}}],"inLanguage":"fr-FR"}]}},"_links":{"self":[{"href":"https:\/\/www.octium.ca\/fr\/wp-json\/wp\/v2\/pages\/808","targetHints":{"allow":["GET"]}}],"collection":[{"href":"https:\/\/www.octium.ca\/fr\/wp-json\/wp\/v2\/pages"}],"about":[{"href":"https:\/\/www.octium.ca\/fr\/wp-json\/wp\/v2\/types\/page"}],"author":[{"embeddable":true,"href":"https:\/\/www.octium.ca\/fr\/wp-json\/wp\/v2\/users\/5"}],"replies":[{"embeddable":true,"href":"https:\/\/www.octium.ca\/fr\/wp-json\/wp\/v2\/comments?post=808"}],"version-history":[{"count":0,"href":"https:\/\/www.octium.ca\/fr\/wp-json\/wp\/v2\/pages\/808\/revisions"}],"wp:attachment":[{"href":"https:\/\/www.octium.ca\/fr\/wp-json\/wp\/v2\/media?parent=808"}],"curies":[{"name":"wp","href":"https:\/\/api.w.org\/{rel}","templated":true}]}}