{"id":806,"date":"2018-07-12T10:29:55","date_gmt":"2018-07-12T14:29:55","guid":{"rendered":"http:\/\/octium.surround.cc\/transloading-quebec\/"},"modified":"2018-09-04T09:09:35","modified_gmt":"2018-09-04T13:09:35","slug":"transloading-quebec","status":"publish","type":"page","link":"https:\/\/www.octium.ca\/fr\/transloading-quebec\/","title":{"rendered":"Transbordement Quebec"},"content":{"rendered":"<p><\/p>\n<h1>Transbordement Quebec<\/h1>\n<p class=\"p1\"><span class=\"s1\"><img loading=\"lazy\" decoding=\"async\" class=\"alignnone size-large wp-image-813\" src=\"http:\/\/www.octium.ca\/wp-content\/uploads\/2018\/07\/transloading-containter-crane-cargo-freight-1024x629.jpg\" alt=\"\" width=\"1024\" height=\"629\" srcset=\"https:\/\/www.octium.ca\/wp-content\/uploads\/2018\/07\/transloading-containter-crane-cargo-freight-1024x629.jpg 1024w, https:\/\/www.octium.ca\/wp-content\/uploads\/2018\/07\/transloading-containter-crane-cargo-freight-300x184.jpg 300w, https:\/\/www.octium.ca\/wp-content\/uploads\/2018\/07\/transloading-containter-crane-cargo-freight-768x472.jpg 768w, https:\/\/www.octium.ca\/wp-content\/uploads\/2018\/07\/transloading-containter-crane-cargo-freight-900x553.jpg 900w, https:\/\/www.octium.ca\/wp-content\/uploads\/2018\/07\/transloading-containter-crane-cargo-freight-409x251.jpg 409w, https:\/\/www.octium.ca\/wp-content\/uploads\/2018\/07\/transloading-containter-crane-cargo-freight-555x341.jpg 555w, https:\/\/www.octium.ca\/wp-content\/uploads\/2018\/07\/transloading-containter-crane-cargo-freight-471x289.jpg 471w, https:\/\/www.octium.ca\/wp-content\/uploads\/2018\/07\/transloading-containter-crane-cargo-freight-653x401.jpg 653w, https:\/\/www.octium.ca\/wp-content\/uploads\/2018\/07\/transloading-containter-crane-cargo-freight.jpg 1920w\" sizes=\"auto, (max-width: 1024px) 100vw, 1024px\" \/><\/span><\/p>\n<p class=\"p1\"><span class=\"s1\">Le transbordement est le transfert d\u2019un chargement d\u2019un mode transport \u00e0 un autre. En g\u00e9n\u00e9ral, on y a recours lorsqu\u2019il est impossible de transporter la marchandise par un seul mode de transport.<\/span><\/p>\n<p class=\"p1\"><span class=\"s1\">Les solutions de transbordement d\u2019Octium sont votre porte d\u2019entr\u00e9e vers le Nord \u00e0 partir de Quebec. Nous facilitons le transport de votre pr\u00e9cieuse marchandise, car nous croyons que le transbordement ne devrait pas \u00eatre laborieux. Nous proposons des services fiables, \u00e9conomiques et certifi\u00e9s ISO qui vous assurent la tranquillit\u00e9 d\u2019esprit et am\u00e9liorent l\u2019efficacit\u00e9 de votre entreprise. <\/span><\/p>\n<p class=\"p1\"><span class=\"s1\">Voici quelques-uns des solutions de transbordement que nous offrons \u00e0 Quebec :<\/span><\/p>\n<ul class=\"ul1\">\n<li class=\"li1\"><span class=\"s1\">Camion \u00e0 train<\/span><\/li>\n<li class=\"li1\"><span class=\"s1\">Train \u00e0 camion<\/span><\/li>\n<li class=\"li1\"><span class=\"s1\">Ch\u00e2ssis \u00e0 rail<\/span><\/li>\n<li class=\"li1\"><span class=\"s1\">Rail \u00e0 ch\u00e2ssis<\/span><\/li>\n<\/ul>\n<p class=\"p1\"><span class=\"s1\">Gagnez du temps\u00a0: service d\u2019aiguillage offert sur place!<\/span><\/p>\n<p class=\"p1\"><span class=\"s1\"><b>Am\u00e9liorez l\u2019efficacit\u00e9 de vos exp\u00e9ditions<\/b><\/span><\/p>\n<p class=\"p1\"><span class=\"s1\">Notre nouvelle installation de transbordement de 7\u2009000\u00a0pi<\/span><span class=\"s2\"><sup>2<\/sup><\/span><span class=\"s1\"> vous aidera \u00e0 am\u00e9liorer l\u2019efficacit\u00e9 de votre entreprise et \u00e0 cr\u00e9er des occasions de croissance dans les r\u00e9gions desservies. Pour acc\u00e9der au c\u0153ur des collectivit\u00e9s mini\u00e8res ou pour atteindre les r\u00e9gions \u00e9loign\u00e9es du Nord, nous avons la solution pour r\u00e9pondre \u00e0 vos besoins. <\/span><\/p>\n<p class=\"p1\"><span class=\"s1\">Notre nouvelle installation r\u00e9serv\u00e9e aux activit\u00e9s de transbordement est ad\u00e9quatement \u00e9quip\u00e9e pour la manutention de tous les types de produits, m\u00eame les marchandises dangereuses. D\u00e8s la r\u00e9ception de votre marchandise, notre personnel hautement qualifi\u00e9 s\u2019assure que des proc\u00e9dures conformes aux normes de l\u2019industrie sont appliqu\u00e9es et que la r\u00e9glementation en mati\u00e8re de s\u00e9curit\u00e9 est respect\u00e9e, peu importe la nature du chargement et la complexit\u00e9 du travail \u00e0 accomplir.<\/span><\/p>\n<p class=\"p1\"><span class=\"s1\"><b>Personnel form\u00e9 et hautement qualifi\u00e9<\/b><\/span><\/p>\n<p class=\"p1\"><span class=\"s1\">Notre \u00e9quipe de professionnels d\u00e9vou\u00e9s et exp\u00e9riment\u00e9s assure la manutention de tous les types de produits, qu\u2019ils soient complexes, dangereux ou fragiles. Nos employ\u00e9s re\u00e7oivent de la formation continue sur la s\u00e9curit\u00e9 et sur les lieux de travail afin d\u2019am\u00e9liorer leurs comp\u00e9tences et de respecter vos \u00e9ch\u00e9ances de livraison. Des produits de toute nature, en vrac, dans des contenants ou autrement, ont transit\u00e9 par notre site de fa\u00e7on s\u00fbre et efficace. Notre \u00e9quipement sp\u00e9cialis\u00e9 nous permet \u00e9galement d\u2019assurer la manutention des conteneurs ISO et multimodaux.<\/span><\/p>\n<p class=\"p1\"><span class=\"s1\"><b>Services de transbordement \u2013\u00a0Quebec<\/b><\/span><\/p>\n<p class=\"p1\"><span class=\"s1\">Octium a l\u2019habitude des mandats difficiles; nous pouvons r\u00e9pondre aux besoins uniques de votre entreprise. Votre pr\u00e9cieuse marchandise est notre priorit\u00e9. Nous sommes fiers d\u2019\u00eatre en mesure de r\u00e9pondre aux exigences personnalis\u00e9es de nos clients et de livrer la marchandise dans les d\u00e9lais pr\u00e9vus. Optimisez votre cha\u00eene logistique en faisant appel \u00e0 l\u2019\u00e9quipe d\u2019Octium pour r\u00e9pondre \u00e0 vos besoins sp\u00e9cialis\u00e9s en mati\u00e8re de transbordement \u00e0 Quebec. T\u00e9l\u00e9phonez-nous au 1-888-451-4123 d\u00e8s aujourd\u2019hui!<\/span><\/p>\n<p><\/p>","protected":false},"excerpt":{"rendered":"<p>Transbordement Quebec Le transbordement est le transfert d\u2019un chargement d\u2019un mode transport \u00e0 un autre. En g\u00e9n\u00e9ral, on y a recours lorsqu\u2019il est impossible de transporter la marchandise par un seul mode de transport. Les solutions de transbordement d\u2019Octium sont votre porte d\u2019entr\u00e9e vers le Nord \u00e0 partir de Quebec. Nous facilitons le transport de [&hellip;]<\/p>\n","protected":false},"author":5,"featured_media":0,"parent":0,"menu_order":0,"comment_status":"closed","ping_status":"closed","template":"","meta":{"footnotes":""},"class_list":["post-806","page","type-page","status-publish","hentry"],"yoast_head":"<!-- This site is optimized with the Yoast SEO plugin v26.8 - https:\/\/yoast.com\/product\/yoast-seo-wordpress\/ -->\n<title>Transbordement Quebec - Octium<\/title>\n<meta name=\"robots\" content=\"index, follow, max-snippet:-1, max-image-preview:large, max-video-preview:-1\" \/>\n<link rel=\"canonical\" href=\"https:\/\/www.octium.ca\/transloading-quebec\/\" \/>\n<meta property=\"og:locale\" content=\"fr_FR\" \/>\n<meta property=\"og:type\" content=\"article\" \/>\n<meta property=\"og:title\" content=\"Transbordement Quebec - Octium\" \/>\n<meta property=\"og:description\" content=\"Transbordement Quebec Le transbordement est le transfert d\u2019un chargement d\u2019un mode transport \u00e0 un autre. En g\u00e9n\u00e9ral, on y a recours lorsqu\u2019il est impossible de transporter la marchandise par un seul mode de transport. Les solutions de transbordement d\u2019Octium sont votre porte d\u2019entr\u00e9e vers le Nord \u00e0 partir de Quebec. Nous facilitons le transport de [&hellip;]\" \/>\n<meta property=\"og:url\" content=\"https:\/\/www.octium.ca\/transloading-quebec\/\" \/>\n<meta property=\"og:site_name\" content=\"Octium\" \/>\n<meta property=\"article:modified_time\" content=\"2018-09-04T13:09:35+00:00\" \/>\n<meta property=\"og:image\" content=\"https:\/\/www.octium.ca\/wp-content\/uploads\/2018\/07\/transloading-containter-crane-cargo-freight.jpg\" \/>\n\t<meta property=\"og:image:width\" content=\"1920\" \/>\n\t<meta property=\"og:image:height\" content=\"1180\" \/>\n\t<meta property=\"og:image:type\" content=\"image\/jpeg\" \/>\n<meta name=\"twitter:card\" content=\"summary_large_image\" \/>\n<meta name=\"twitter:label1\" content=\"Est. reading time\" \/>\n\t<meta name=\"twitter:data1\" content=\"4 minutes\" \/>\n<script type=\"application\/ld+json\" class=\"yoast-schema-graph\">{\"@context\":\"https:\/\/schema.org\",\"@graph\":[{\"@type\":\"WebPage\",\"@id\":\"https:\/\/www.octium.ca\/transloading-quebec\/\",\"url\":\"https:\/\/www.octium.ca\/transloading-quebec\/\",\"name\":\"Transbordement Quebec - Octium\",\"isPartOf\":{\"@id\":\"https:\/\/www.octium.ca\/#website\"},\"primaryImageOfPage\":{\"@id\":\"https:\/\/www.octium.ca\/transloading-quebec\/#primaryimage\"},\"image\":{\"@id\":\"https:\/\/www.octium.ca\/transloading-quebec\/#primaryimage\"},\"thumbnailUrl\":\"http:\/\/www.octium.ca\/wp-content\/uploads\/2018\/07\/transloading-containter-crane-cargo-freight-1024x629.jpg\",\"datePublished\":\"2018-07-12T14:29:55+00:00\",\"dateModified\":\"2018-09-04T13:09:35+00:00\",\"breadcrumb\":{\"@id\":\"https:\/\/www.octium.ca\/transloading-quebec\/#breadcrumb\"},\"inLanguage\":\"fr-FR\",\"potentialAction\":[{\"@type\":\"ReadAction\",\"target\":[\"https:\/\/www.octium.ca\/transloading-quebec\/\"]}]},{\"@type\":\"ImageObject\",\"inLanguage\":\"fr-FR\",\"@id\":\"https:\/\/www.octium.ca\/transloading-quebec\/#primaryimage\",\"url\":\"http:\/\/www.octium.ca\/wp-content\/uploads\/2018\/07\/transloading-containter-crane-cargo-freight-1024x629.jpg\",\"contentUrl\":\"http:\/\/www.octium.ca\/wp-content\/uploads\/2018\/07\/transloading-containter-crane-cargo-freight-1024x629.jpg\"},{\"@type\":\"BreadcrumbList\",\"@id\":\"https:\/\/www.octium.ca\/transloading-quebec\/#breadcrumb\",\"itemListElement\":[{\"@type\":\"ListItem\",\"position\":1,\"name\":\"ACCUEIL\",\"item\":\"https:\/\/www.octium.ca\/\"},{\"@type\":\"ListItem\",\"position\":2,\"name\":\"Transloading Quebec\"}]},{\"@type\":\"WebSite\",\"@id\":\"https:\/\/www.octium.ca\/#website\",\"url\":\"https:\/\/www.octium.ca\/\",\"name\":\"Octium\",\"description\":\"Votre Porte D\u2019entr\u00e9e Vers Le Nord\",\"potentialAction\":[{\"@type\":\"SearchAction\",\"target\":{\"@type\":\"EntryPoint\",\"urlTemplate\":\"https:\/\/www.octium.ca\/?s={search_term_string}\"},\"query-input\":{\"@type\":\"PropertyValueSpecification\",\"valueRequired\":true,\"valueName\":\"search_term_string\"}}],\"inLanguage\":\"fr-FR\"}]}<\/script>\n<!-- \/ Yoast SEO plugin. -->","yoast_head_json":{"title":"Transbordement Quebec - Octium","robots":{"index":"index","follow":"follow","max-snippet":"max-snippet:-1","max-image-preview":"max-image-preview:large","max-video-preview":"max-video-preview:-1"},"canonical":"https:\/\/www.octium.ca\/transloading-quebec\/","og_locale":"fr_FR","og_type":"article","og_title":"Transbordement Quebec - Octium","og_description":"Transbordement Quebec Le transbordement est le transfert d\u2019un chargement d\u2019un mode transport \u00e0 un autre. En g\u00e9n\u00e9ral, on y a recours lorsqu\u2019il est impossible de transporter la marchandise par un seul mode de transport. Les solutions de transbordement d\u2019Octium sont votre porte d\u2019entr\u00e9e vers le Nord \u00e0 partir de Quebec. Nous facilitons le transport de [&hellip;]","og_url":"https:\/\/www.octium.ca\/transloading-quebec\/","og_site_name":"Octium","article_modified_time":"2018-09-04T13:09:35+00:00","og_image":[{"width":1920,"height":1180,"url":"https:\/\/www.octium.ca\/wp-content\/uploads\/2018\/07\/transloading-containter-crane-cargo-freight.jpg","type":"image\/jpeg"}],"twitter_card":"summary_large_image","twitter_misc":{"Est. reading time":"4 minutes"},"schema":{"@context":"https:\/\/schema.org","@graph":[{"@type":"WebPage","@id":"https:\/\/www.octium.ca\/transloading-quebec\/","url":"https:\/\/www.octium.ca\/transloading-quebec\/","name":"Transbordement Quebec - Octium","isPartOf":{"@id":"https:\/\/www.octium.ca\/#website"},"primaryImageOfPage":{"@id":"https:\/\/www.octium.ca\/transloading-quebec\/#primaryimage"},"image":{"@id":"https:\/\/www.octium.ca\/transloading-quebec\/#primaryimage"},"thumbnailUrl":"http:\/\/www.octium.ca\/wp-content\/uploads\/2018\/07\/transloading-containter-crane-cargo-freight-1024x629.jpg","datePublished":"2018-07-12T14:29:55+00:00","dateModified":"2018-09-04T13:09:35+00:00","breadcrumb":{"@id":"https:\/\/www.octium.ca\/transloading-quebec\/#breadcrumb"},"inLanguage":"fr-FR","potentialAction":[{"@type":"ReadAction","target":["https:\/\/www.octium.ca\/transloading-quebec\/"]}]},{"@type":"ImageObject","inLanguage":"fr-FR","@id":"https:\/\/www.octium.ca\/transloading-quebec\/#primaryimage","url":"http:\/\/www.octium.ca\/wp-content\/uploads\/2018\/07\/transloading-containter-crane-cargo-freight-1024x629.jpg","contentUrl":"http:\/\/www.octium.ca\/wp-content\/uploads\/2018\/07\/transloading-containter-crane-cargo-freight-1024x629.jpg"},{"@type":"BreadcrumbList","@id":"https:\/\/www.octium.ca\/transloading-quebec\/#breadcrumb","itemListElement":[{"@type":"ListItem","position":1,"name":"ACCUEIL","item":"https:\/\/www.octium.ca\/"},{"@type":"ListItem","position":2,"name":"Transloading Quebec"}]},{"@type":"WebSite","@id":"https:\/\/www.octium.ca\/#website","url":"https:\/\/www.octium.ca\/","name":"Octium","description":"Votre Porte D\u2019entr\u00e9e Vers Le Nord","potentialAction":[{"@type":"SearchAction","target":{"@type":"EntryPoint","urlTemplate":"https:\/\/www.octium.ca\/?s={search_term_string}"},"query-input":{"@type":"PropertyValueSpecification","valueRequired":true,"valueName":"search_term_string"}}],"inLanguage":"fr-FR"}]}},"_links":{"self":[{"href":"https:\/\/www.octium.ca\/fr\/wp-json\/wp\/v2\/pages\/806","targetHints":{"allow":["GET"]}}],"collection":[{"href":"https:\/\/www.octium.ca\/fr\/wp-json\/wp\/v2\/pages"}],"about":[{"href":"https:\/\/www.octium.ca\/fr\/wp-json\/wp\/v2\/types\/page"}],"author":[{"embeddable":true,"href":"https:\/\/www.octium.ca\/fr\/wp-json\/wp\/v2\/users\/5"}],"replies":[{"embeddable":true,"href":"https:\/\/www.octium.ca\/fr\/wp-json\/wp\/v2\/comments?post=806"}],"version-history":[{"count":0,"href":"https:\/\/www.octium.ca\/fr\/wp-json\/wp\/v2\/pages\/806\/revisions"}],"wp:attachment":[{"href":"https:\/\/www.octium.ca\/fr\/wp-json\/wp\/v2\/media?parent=806"}],"curies":[{"name":"wp","href":"https:\/\/api.w.org\/{rel}","templated":true}]}}