{"id":29,"date":"2016-02-13T14:13:59","date_gmt":"2016-02-13T14:13:59","guid":{"rendered":"http:\/\/demo.djmimi.net\/themes\/industry\/?page_id=29"},"modified":"2025-08-19T18:42:49","modified_gmt":"2025-08-19T22:42:49","slug":"solutions","status":"publish","type":"page","link":"https:\/\/www.octium.ca\/fr\/solutions\/","title":{"rendered":"Solutions"},"content":{"rendered":"<div class=\"wpb-content-wrapper\"><p>[vc_row css=&#8221;.vc_custom_1755643231032{margin-top: 30px !important;border-bottom-width: 5px !important;}&#8221;][vc_column][vc_column_text]<\/p>\n<h2>Solutions personnalis\u00e9es .<\/h2>\n<p>Communiquez avec nous, quel que soit votre besoin d\u2019entreposage ou de transport. Nous avons des solutions \u00e0 offrir \u00e0 tous nos clients et nous en sommes fiers. En effet, nous mettrons notre \u00e9quipement sp\u00e9cialis\u00e9 et notre expertise \u00e0 votre service, quel que soit le d\u00e9fi que vous nous pr\u00e9sentez.<\/p>\n<p>Faites-nous confiance. Nous avons l\u2019espace pour grandir et nous voyons grand. Que votre produit soit en vrac, en sacs ou autrement, aucun projet n\u2019est trop petit ou trop grand pour notre \u00e9quipe d\u2019experts.[\/vc_column_text][\/vc_column][\/vc_row][vc_row][vc_column][vc_single_image image=&#8221;905&#8243; img_size=&#8221;full&#8221; onclick=&#8221;custom_link&#8221; link=&#8221;https:\/\/www.octium.ca\/fr\/contact-us\/&#8221;][\/vc_column][\/vc_row]<\/p>\n<\/div>","protected":false},"excerpt":{"rendered":"<p>[vc_row css=&#8221;.vc_custom_1755643231032{margin-top: 30px !important;border-bottom-width: 5px !important;}&#8221;][vc_column][vc_column_text] Solutions personnalis\u00e9es . Communiquez avec nous, quel que soit votre besoin d\u2019entreposage ou de transport. Nous avons des solutions \u00e0 offrir \u00e0 tous nos clients et nous en sommes fiers. En effet, nous mettrons notre \u00e9quipement sp\u00e9cialis\u00e9 et notre expertise \u00e0 votre service, quel que soit le d\u00e9fi que [&hellip;]<\/p>\n","protected":false},"author":5,"featured_media":15,"parent":0,"menu_order":0,"comment_status":"closed","ping_status":"closed","template":"page-tpl_full_width.php","meta":{"footnotes":""},"class_list":["post-29","page","type-page","status-publish","has-post-thumbnail","hentry"],"yoast_head":"<!-- This site is optimized with the Yoast SEO plugin v26.8 - https:\/\/yoast.com\/product\/yoast-seo-wordpress\/ -->\n<title>(English (Anglais)) Solutions | Octium Solutions Inc.<\/title>\n<meta name=\"description\" content=\"(English (Anglais)) Octium provides solutions whether your product is bulk, bagged, or loose materials. Our team of experts can take on any unique projects for customers!\" \/>\n<meta name=\"robots\" content=\"index, follow, max-snippet:-1, max-image-preview:large, max-video-preview:-1\" \/>\n<link rel=\"canonical\" href=\"https:\/\/www.octium.ca\/solutions\/\" \/>\n<meta property=\"og:locale\" content=\"fr_FR\" \/>\n<meta property=\"og:type\" content=\"article\" \/>\n<meta property=\"og:title\" content=\"[:en]Solutions | Octium Solutions Inc.[:]\" \/>\n<meta property=\"og:description\" content=\"{:en}Octium provides solutions whether your product is bulk, bagged, or loose materials. Our team of experts can take on any unique projects for customers!{:}\" \/>\n<meta property=\"og:url\" content=\"https:\/\/www.octium.ca\/solutions\/\" \/>\n<meta property=\"og:site_name\" content=\"Octium\" \/>\n<meta property=\"article:modified_time\" content=\"2025-08-19T22:42:49+00:00\" \/>\n<meta property=\"og:image\" content=\"http:\/\/www.octium.ca\/wp-content\/uploads\/2016\/02\/construction_big.jpg\" \/>\n\t<meta property=\"og:image:width\" content=\"1600\" \/>\n\t<meta property=\"og:image:height\" content=\"1067\" \/>\n\t<meta property=\"og:image:type\" content=\"image\/jpeg\" \/>\n<meta name=\"twitter:card\" content=\"summary_large_image\" \/>\n<meta name=\"twitter:label1\" content=\"Est. reading time\" \/>\n\t<meta name=\"twitter:data1\" content=\"1 minute\" \/>\n<script type=\"application\/ld+json\" class=\"yoast-schema-graph\">{\"@context\":\"https:\/\/schema.org\",\"@graph\":[{\"@type\":\"WebPage\",\"@id\":\"https:\/\/www.octium.ca\/solutions\/\",\"url\":\"https:\/\/www.octium.ca\/solutions\/\",\"name\":\"[:en]Solutions | Octium Solutions Inc.[:]\",\"isPartOf\":{\"@id\":\"https:\/\/www.octium.ca\/#website\"},\"primaryImageOfPage\":{\"@id\":\"https:\/\/www.octium.ca\/solutions\/#primaryimage\"},\"image\":{\"@id\":\"https:\/\/www.octium.ca\/solutions\/#primaryimage\"},\"thumbnailUrl\":\"https:\/\/www.octium.ca\/wp-content\/uploads\/2016\/02\/construction_big.jpg\",\"datePublished\":\"2016-02-13T14:13:59+00:00\",\"dateModified\":\"2025-08-19T22:42:49+00:00\",\"description\":\"{:en}Octium provides solutions whether your product is bulk, bagged, or loose materials. Our team of experts can take on any unique projects for customers!{:}\",\"breadcrumb\":{\"@id\":\"https:\/\/www.octium.ca\/solutions\/#breadcrumb\"},\"inLanguage\":\"fr-FR\",\"potentialAction\":[{\"@type\":\"ReadAction\",\"target\":[\"https:\/\/www.octium.ca\/solutions\/\"]}]},{\"@type\":\"ImageObject\",\"inLanguage\":\"fr-FR\",\"@id\":\"https:\/\/www.octium.ca\/solutions\/#primaryimage\",\"url\":\"https:\/\/www.octium.ca\/wp-content\/uploads\/2016\/02\/construction_big.jpg\",\"contentUrl\":\"https:\/\/www.octium.ca\/wp-content\/uploads\/2016\/02\/construction_big.jpg\",\"width\":1600,\"height\":1067},{\"@type\":\"BreadcrumbList\",\"@id\":\"https:\/\/www.octium.ca\/solutions\/#breadcrumb\",\"itemListElement\":[{\"@type\":\"ListItem\",\"position\":1,\"name\":\"ACCUEIL\",\"item\":\"https:\/\/www.octium.ca\/\"},{\"@type\":\"ListItem\",\"position\":2,\"name\":\"Solutions\"}]},{\"@type\":\"WebSite\",\"@id\":\"https:\/\/www.octium.ca\/#website\",\"url\":\"https:\/\/www.octium.ca\/\",\"name\":\"Octium\",\"description\":\"Votre Porte D\u2019entr\u00e9e Vers Le Nord\",\"potentialAction\":[{\"@type\":\"SearchAction\",\"target\":{\"@type\":\"EntryPoint\",\"urlTemplate\":\"https:\/\/www.octium.ca\/?s={search_term_string}\"},\"query-input\":{\"@type\":\"PropertyValueSpecification\",\"valueRequired\":true,\"valueName\":\"search_term_string\"}}],\"inLanguage\":\"fr-FR\"}]}<\/script>\n<!-- \/ Yoast SEO plugin. -->","yoast_head_json":{"title":"(English (Anglais)) Solutions | Octium Solutions Inc.","description":"(English (Anglais)) Octium provides solutions whether your product is bulk, bagged, or loose materials. Our team of experts can take on any unique projects for customers!","robots":{"index":"index","follow":"follow","max-snippet":"max-snippet:-1","max-image-preview":"max-image-preview:large","max-video-preview":"max-video-preview:-1"},"canonical":"https:\/\/www.octium.ca\/solutions\/","og_locale":"fr_FR","og_type":"article","og_title":"[:en]Solutions | Octium Solutions Inc.[:]","og_description":"{:en}Octium provides solutions whether your product is bulk, bagged, or loose materials. Our team of experts can take on any unique projects for customers!{:}","og_url":"https:\/\/www.octium.ca\/solutions\/","og_site_name":"Octium","article_modified_time":"2025-08-19T22:42:49+00:00","og_image":[{"width":1600,"height":1067,"url":"http:\/\/www.octium.ca\/wp-content\/uploads\/2016\/02\/construction_big.jpg","type":"image\/jpeg"}],"twitter_card":"summary_large_image","twitter_misc":{"Est. reading time":"1 minute"},"schema":{"@context":"https:\/\/schema.org","@graph":[{"@type":"WebPage","@id":"https:\/\/www.octium.ca\/solutions\/","url":"https:\/\/www.octium.ca\/solutions\/","name":"[:en]Solutions | Octium Solutions Inc.[:]","isPartOf":{"@id":"https:\/\/www.octium.ca\/#website"},"primaryImageOfPage":{"@id":"https:\/\/www.octium.ca\/solutions\/#primaryimage"},"image":{"@id":"https:\/\/www.octium.ca\/solutions\/#primaryimage"},"thumbnailUrl":"https:\/\/www.octium.ca\/wp-content\/uploads\/2016\/02\/construction_big.jpg","datePublished":"2016-02-13T14:13:59+00:00","dateModified":"2025-08-19T22:42:49+00:00","description":"{:en}Octium provides solutions whether your product is bulk, bagged, or loose materials. Our team of experts can take on any unique projects for customers!{:}","breadcrumb":{"@id":"https:\/\/www.octium.ca\/solutions\/#breadcrumb"},"inLanguage":"fr-FR","potentialAction":[{"@type":"ReadAction","target":["https:\/\/www.octium.ca\/solutions\/"]}]},{"@type":"ImageObject","inLanguage":"fr-FR","@id":"https:\/\/www.octium.ca\/solutions\/#primaryimage","url":"https:\/\/www.octium.ca\/wp-content\/uploads\/2016\/02\/construction_big.jpg","contentUrl":"https:\/\/www.octium.ca\/wp-content\/uploads\/2016\/02\/construction_big.jpg","width":1600,"height":1067},{"@type":"BreadcrumbList","@id":"https:\/\/www.octium.ca\/solutions\/#breadcrumb","itemListElement":[{"@type":"ListItem","position":1,"name":"ACCUEIL","item":"https:\/\/www.octium.ca\/"},{"@type":"ListItem","position":2,"name":"Solutions"}]},{"@type":"WebSite","@id":"https:\/\/www.octium.ca\/#website","url":"https:\/\/www.octium.ca\/","name":"Octium","description":"Votre Porte D\u2019entr\u00e9e Vers Le Nord","potentialAction":[{"@type":"SearchAction","target":{"@type":"EntryPoint","urlTemplate":"https:\/\/www.octium.ca\/?s={search_term_string}"},"query-input":{"@type":"PropertyValueSpecification","valueRequired":true,"valueName":"search_term_string"}}],"inLanguage":"fr-FR"}]}},"_links":{"self":[{"href":"https:\/\/www.octium.ca\/fr\/wp-json\/wp\/v2\/pages\/29","targetHints":{"allow":["GET"]}}],"collection":[{"href":"https:\/\/www.octium.ca\/fr\/wp-json\/wp\/v2\/pages"}],"about":[{"href":"https:\/\/www.octium.ca\/fr\/wp-json\/wp\/v2\/types\/page"}],"author":[{"embeddable":true,"href":"https:\/\/www.octium.ca\/fr\/wp-json\/wp\/v2\/users\/5"}],"replies":[{"embeddable":true,"href":"https:\/\/www.octium.ca\/fr\/wp-json\/wp\/v2\/comments?post=29"}],"version-history":[{"count":0,"href":"https:\/\/www.octium.ca\/fr\/wp-json\/wp\/v2\/pages\/29\/revisions"}],"wp:featuredmedia":[{"embeddable":true,"href":"https:\/\/www.octium.ca\/fr\/wp-json\/wp\/v2\/media\/15"}],"wp:attachment":[{"href":"https:\/\/www.octium.ca\/fr\/wp-json\/wp\/v2\/media?parent=29"}],"curies":[{"name":"wp","href":"https:\/\/api.w.org\/{rel}","templated":true}]}}