{"id":179,"date":"2016-02-14T15:05:30","date_gmt":"2016-02-14T15:05:30","guid":{"rendered":"http:\/\/demo.djmimi.net\/themes\/industry\/?page_id=179"},"modified":"2025-08-15T18:05:28","modified_gmt":"2025-08-15T22:05:28","slug":"services","status":"publish","type":"page","link":"https:\/\/www.octium.ca\/fr\/services\/","title":{"rendered":"Services"},"content":{"rendered":"<div class=\"wpb-content-wrapper\"><p>[vc_row][vc_column width=&#8221;1\/3&#8243;][vc_single_image image=&#8221;875&#8243; img_size=&#8221;large&#8221;][vc_empty_space][vc_column_text]Le transbordement est une \u00e9tape cruciale pour la marchandise en transit du port \u00e0 sa destination.\u00a0Confiez le transfert de vos cargaisons \u00e0 des professionnels. Octium a l\u2019\u00e9quipement et les\u00a0ressources n\u00e9cessaires pour prot\u00e9ger vos pr\u00e9cieux produits de base. La s\u00e9curit\u00e9 est notre priorit\u00e9!\u00a0Nous pouvons nous occuper de tous les types de transbordement. Mettez-nous au d\u00e9fi![\/vc_column_text][vc_btn title=&#8221;Collaborez avec des sp\u00e9cialistes du transbordement \u2192&#8221; shape=&#8221;round&#8221; color=&#8221;warning&#8221; link=&#8221;url:%2Ffr%2Ftransloading%2F|||&#8221;][\/vc_column][vc_column width=&#8221;1\/3&#8243;][vc_single_image image=&#8221;876&#8243; img_size=&#8221;large&#8221;][vc_empty_space][vc_column_text]L\u2019entreposage ou le transport dont vous avez besoin est particulier? Communiquez avec Solutions\u00a0Octium. Nous avons des solutions \u00e0 offrir \u00e0 tous nos clients et nous en sommes fiers. En effet, nous\u00a0mettrons notre \u00e9quipement sp\u00e9cialis\u00e9 et notre expertise \u00e0 votre service, quel que soit le d\u00e9fi que\u00a0vous nous pr\u00e9sentez. Nous disposons d\u2019amplement d\u2019espace pour une future expansion et nous\u00a0sommes ouverts \u00e0 la discussion. Nous sommes pr\u00eats \u00e0 r\u00e9pondre \u00e0 votre besoin unique![\/vc_column_text][vc_btn title=&#8221;D\u00e9couvrez nos solutions chimiques personnalis\u00e9es \u2192&#8221; shape=&#8221;round&#8221; color=&#8221;warning&#8221; link=&#8221;url:http%3A%2F%2Fwww.octium.ca%2Ffr%2Fsolutions%2F|||&#8221;][\/vc_column][vc_column width=&#8221;1\/3&#8243;][vc_single_image image=&#8221;877&#8243; img_size=&#8221;large&#8221;][vc_empty_space][vc_column_text]Le stockage en entrep\u00f4t est l\u2019une des meilleures solutions pour la gestion de vos marchandises et\u00a0de vos produits de base. Solutions Octium Inc. propose un lieu s\u00fbr et s\u00e9curitaire pour la r\u00e9ception,\u00a0l\u2019entreposage et la distribution de votre marchandise. Strat\u00e9giquement situ\u00e9e en bordure de la\u00a0route transcanadienne, notre entreprise offre un acc\u00e8s direct \u00e0 la voie principale du CN et ainsi,\u00a0aux mines et aux collectivit\u00e9s du Nord.[\/vc_column_text][vc_btn title=&#8221;Tirez parti d&#8217;un entreposage s\u00fbr et strat\u00e9gique \u2192&#8221; shape=&#8221;round&#8221; color=&#8221;warning&#8221; link=&#8221;url:%2Ffr%2Fwarehousing-storage%2F|||&#8221;][\/vc_column][\/vc_row]<\/p>\n<\/div>","protected":false},"excerpt":{"rendered":"<p>[vc_row][vc_column width=&#8221;1\/3&#8243;][vc_single_image image=&#8221;875&#8243; img_size=&#8221;large&#8221;][vc_empty_space][vc_column_text]Le transbordement est une \u00e9tape cruciale pour la marchandise en transit du port \u00e0 sa destination.\u00a0Confiez le transfert de vos cargaisons \u00e0 des professionnels. Octium a l\u2019\u00e9quipement et les\u00a0ressources n\u00e9cessaires pour prot\u00e9ger vos pr\u00e9cieux produits de base. La s\u00e9curit\u00e9 est notre priorit\u00e9!\u00a0Nous pouvons nous occuper de tous les types de transbordement. Mettez-nous [&hellip;]<\/p>\n","protected":false},"author":5,"featured_media":0,"parent":0,"menu_order":0,"comment_status":"closed","ping_status":"closed","template":"page-tpl_full_width.php","meta":{"footnotes":""},"class_list":["post-179","page","type-page","status-publish","hentry"],"yoast_head":"<!-- This site is optimized with the Yoast SEO plugin v27.5 - https:\/\/yoast.com\/product\/yoast-seo-wordpress\/ -->\n<title>(English (Anglais)) Services | Octium Solutions Inc.<\/title>\n<meta name=\"description\" content=\"(English (Anglais)) At Octium our specialized equipment and expertise to provide our customers with a multitude of services for transloading, warehousing &amp; storage options.\" \/>\n<meta name=\"robots\" content=\"index, follow, max-snippet:-1, max-image-preview:large, max-video-preview:-1\" \/>\n<link rel=\"canonical\" href=\"https:\/\/www.octium.ca\/services\/\" \/>\n<meta property=\"og:locale\" content=\"fr_FR\" \/>\n<meta property=\"og:type\" content=\"article\" \/>\n<meta property=\"og:title\" content=\"[:en]Services | Octium Solutions Inc.[:]\" \/>\n<meta property=\"og:description\" content=\"{:en}At Octium our specialized equipment and expertise to provide our customers with a multitude of services for transloading, warehousing &amp; storage options. {:}\" \/>\n<meta property=\"og:url\" content=\"https:\/\/www.octium.ca\/services\/\" \/>\n<meta property=\"og:site_name\" content=\"Octium\" \/>\n<meta property=\"article:modified_time\" content=\"2025-08-15T22:05:28+00:00\" \/>\n<meta name=\"twitter:card\" content=\"summary_large_image\" \/>\n<meta name=\"twitter:label1\" content=\"Est. reading time\" \/>\n\t<meta name=\"twitter:data1\" content=\"1 minute\" \/>\n<script type=\"application\/ld+json\" class=\"yoast-schema-graph\">{\"@context\":\"https:\\\/\\\/schema.org\",\"@graph\":[{\"@type\":\"WebPage\",\"@id\":\"https:\\\/\\\/www.octium.ca\\\/services\\\/\",\"url\":\"https:\\\/\\\/www.octium.ca\\\/services\\\/\",\"name\":\"[:en]Services | Octium Solutions Inc.[:]\",\"isPartOf\":{\"@id\":\"https:\\\/\\\/www.octium.ca\\\/#website\"},\"datePublished\":\"2016-02-14T15:05:30+00:00\",\"dateModified\":\"2025-08-15T22:05:28+00:00\",\"description\":\"{:en}At Octium our specialized equipment and expertise to provide our customers with a multitude of services for transloading, warehousing & storage options. {:}\",\"breadcrumb\":{\"@id\":\"https:\\\/\\\/www.octium.ca\\\/services\\\/#breadcrumb\"},\"inLanguage\":\"fr-FR\",\"potentialAction\":[{\"@type\":\"ReadAction\",\"target\":[\"https:\\\/\\\/www.octium.ca\\\/services\\\/\"]}]},{\"@type\":\"BreadcrumbList\",\"@id\":\"https:\\\/\\\/www.octium.ca\\\/services\\\/#breadcrumb\",\"itemListElement\":[{\"@type\":\"ListItem\",\"position\":1,\"name\":\"ACCUEIL\",\"item\":\"https:\\\/\\\/www.octium.ca\\\/\"},{\"@type\":\"ListItem\",\"position\":2,\"name\":\"Services\"}]},{\"@type\":\"WebSite\",\"@id\":\"https:\\\/\\\/www.octium.ca\\\/#website\",\"url\":\"https:\\\/\\\/www.octium.ca\\\/\",\"name\":\"Octium\",\"description\":\"Votre Porte D\u2019entr\u00e9e Vers Le Nord\",\"potentialAction\":[{\"@type\":\"SearchAction\",\"target\":{\"@type\":\"EntryPoint\",\"urlTemplate\":\"https:\\\/\\\/www.octium.ca\\\/?s={search_term_string}\"},\"query-input\":{\"@type\":\"PropertyValueSpecification\",\"valueRequired\":true,\"valueName\":\"search_term_string\"}}],\"inLanguage\":\"fr-FR\"}]}<\/script>\n<!-- \/ Yoast SEO plugin. -->","yoast_head_json":{"title":"(English (Anglais)) Services | Octium Solutions Inc.","description":"(English (Anglais)) At Octium our specialized equipment and expertise to provide our customers with a multitude of services for transloading, warehousing & storage options.","robots":{"index":"index","follow":"follow","max-snippet":"max-snippet:-1","max-image-preview":"max-image-preview:large","max-video-preview":"max-video-preview:-1"},"canonical":"https:\/\/www.octium.ca\/services\/","og_locale":"fr_FR","og_type":"article","og_title":"[:en]Services | Octium Solutions Inc.[:]","og_description":"{:en}At Octium our specialized equipment and expertise to provide our customers with a multitude of services for transloading, warehousing & storage options. {:}","og_url":"https:\/\/www.octium.ca\/services\/","og_site_name":"Octium","article_modified_time":"2025-08-15T22:05:28+00:00","twitter_card":"summary_large_image","twitter_misc":{"Est. reading time":"1 minute"},"schema":{"@context":"https:\/\/schema.org","@graph":[{"@type":"WebPage","@id":"https:\/\/www.octium.ca\/services\/","url":"https:\/\/www.octium.ca\/services\/","name":"[:en]Services | Octium Solutions Inc.[:]","isPartOf":{"@id":"https:\/\/www.octium.ca\/#website"},"datePublished":"2016-02-14T15:05:30+00:00","dateModified":"2025-08-15T22:05:28+00:00","description":"{:en}At Octium our specialized equipment and expertise to provide our customers with a multitude of services for transloading, warehousing & storage options. {:}","breadcrumb":{"@id":"https:\/\/www.octium.ca\/services\/#breadcrumb"},"inLanguage":"fr-FR","potentialAction":[{"@type":"ReadAction","target":["https:\/\/www.octium.ca\/services\/"]}]},{"@type":"BreadcrumbList","@id":"https:\/\/www.octium.ca\/services\/#breadcrumb","itemListElement":[{"@type":"ListItem","position":1,"name":"ACCUEIL","item":"https:\/\/www.octium.ca\/"},{"@type":"ListItem","position":2,"name":"Services"}]},{"@type":"WebSite","@id":"https:\/\/www.octium.ca\/#website","url":"https:\/\/www.octium.ca\/","name":"Octium","description":"Votre Porte D\u2019entr\u00e9e Vers Le Nord","potentialAction":[{"@type":"SearchAction","target":{"@type":"EntryPoint","urlTemplate":"https:\/\/www.octium.ca\/?s={search_term_string}"},"query-input":{"@type":"PropertyValueSpecification","valueRequired":true,"valueName":"search_term_string"}}],"inLanguage":"fr-FR"}]}},"_links":{"self":[{"href":"https:\/\/www.octium.ca\/fr\/wp-json\/wp\/v2\/pages\/179","targetHints":{"allow":["GET"]}}],"collection":[{"href":"https:\/\/www.octium.ca\/fr\/wp-json\/wp\/v2\/pages"}],"about":[{"href":"https:\/\/www.octium.ca\/fr\/wp-json\/wp\/v2\/types\/page"}],"author":[{"embeddable":true,"href":"https:\/\/www.octium.ca\/fr\/wp-json\/wp\/v2\/users\/5"}],"replies":[{"embeddable":true,"href":"https:\/\/www.octium.ca\/fr\/wp-json\/wp\/v2\/comments?post=179"}],"version-history":[{"count":0,"href":"https:\/\/www.octium.ca\/fr\/wp-json\/wp\/v2\/pages\/179\/revisions"}],"wp:attachment":[{"href":"https:\/\/www.octium.ca\/fr\/wp-json\/wp\/v2\/media?parent=179"}],"curies":[{"name":"wp","href":"https:\/\/api.w.org\/{rel}","templated":true}]}}